{"id":286,"date":"2016-10-31T13:17:59","date_gmt":"2016-10-31T16:17:59","guid":{"rendered":"https:\/\/iscabrera-cba.infd.edu.ar\/sitio\/?page_id=286"},"modified":"2025-05-20T21:35:11","modified_gmt":"2025-05-21T00:35:11","slug":"inicio","status":"publish","type":"page","link":"https:\/\/iscabrera-cba.infd.edu.ar\/sitio\/","title":{"rendered":"Inicio"},"content":{"rendered":"<h4 style=\"text-align: center;\"><span style=\"color: #808080;\">El Instituto Superior \u201cJer\u00f3nimo Luis de Cabrera\u201d<\/span><\/h4>\n<table id=\"table1\" style=\"width: 100%;\" border=\"1\" cellspacing=\"0\" cellpadding=\"10\" align=\"center\">\n<tbody>\n<tr>\n<td style=\"border: 1px solid;\">\n<h1 style=\"text-align: center;\"><span style=\"font-size: 14pt; color: #000066; font-family: arial,helvetica,sans-serif;\"><strong><span style=\"font-size: 10pt; color: black; font-family: Verdana;\"><img decoding=\"async\" loading=\"lazy\" class=\"aligncenter\" style=\"vertical-align: middle; display: block; margin-left: auto; margin-right: auto;\" src=\"https:\/\/iscabrera-cba.infd.edu.ar\/aula\/archivos\/repositorio\/0\/45\/IMAGEN%20INSTITUTO.jpg\" alt=\"Este Instituto Superior de\u00a0 Formaci\u00f3n Docente de la ciudad\u00a0 de General Cabrera, al sur de la\u00a0 Provincia de C\u00f3rdoba, forma\u00a0 parte del sistema de educaci\u00f3n\u00a0 p\u00fablica de gesti\u00f3n estatal. \u00a0 A trav\u00e9s de este sitio nuestro\u00a0 Instituto comunica novedades,\u00a0 acerca informaci\u00f3n, comparte\u00a0 experiencias y brinda apoyo y\u00a0 asesoramiento a\u00a0alumnos,\u00a0 docentes e interesados en\u00a0 formar parte de esta comunidad\u00a0 educativa.\" width=\"498\" height=\"486\" border=\"0\" \/><\/span><\/strong><\/span><\/h1>\n<p style=\"text-align: justify;\"><span style=\"font-size: 12pt;\"><span style=\"font-family: Verdana; color: black;\">\u00a0<\/span><\/span><span style=\"font-size: 12pt;\"><span style=\"font-family: Verdana; color: black;\">E<\/span><span style=\"font-family: Verdana; color: black;\">ste Instituto Superior de Formaci\u00f3n Docente de la ciudad de General Cabrera, al sur de la Provincia de C\u00f3rdoba, forma parte del sistema de educaci\u00f3n p\u00fablica de gesti\u00f3n estatal.<\/span><\/span><\/p>\n<p style=\"text-align: justify;\"><span style=\"font-size: 10pt; color: black; font-family: Verdana;\"><span style=\"font-size: 12pt;\">\u00a0A trav\u00e9s de este sitio nuestro Instituto comunica novedades, acerca informaci\u00f3n, comparte experiencias y brinda apoyo y asesoramiento a\u00a0alumnos, docentes e interesados en formar parte de esta comunidad educativa<\/span>.<\/span><\/p>\n<\/td>\n<\/tr>\n<\/tbody>\n<\/table>\n<table style=\"width: 747px; height: 325px; margin-left: auto; margin-right: auto;\" border=\"1\" cellspacing=\"0\" cellpadding=\"0\">\n<tbody>\n<tr>\n<td style=\"text-align: center;\" valign=\"top\" width=\"299\">\n<h4><a href=\"https:\/\/docs.google.com\/document\/d\/11pvOfT9zHv-yx2aIbTr7MfdvIrNHcEp_fzKF1_dUwro\/edit?usp=sharing\"><span style=\"color: #000080;\">Convocatoria de Horas C\u00e1tedras <\/span><\/a><\/h4>\n<h4><a href=\"https:\/\/docs.google.com\/document\/d\/11pvOfT9zHv-yx2aIbTr7MfdvIrNHcEp_fzKF1_dUwro\/edit?usp=sharing\"><span style=\"color: #000080;\">Nivel Superior<\/span><\/a><\/h4>\n<p>Res. Min. N\u00b0 197\/22.<\/p>\n<\/td>\n<td valign=\"top\" width=\"299\">\n<p style=\"text-align: center;\"><span style=\"color: #008000; font-family: Verdana; font-size: 12pt;\">Los invitamos a escuchar nuestra radio y leer nuestro bolet\u00edn<\/span><\/p>\n<p style=\"text-align: center;\"><span style=\"font-size: 12pt;\"><span style=\"font-family: Verdana; color: #008000;\"><a title=\"Jer\u00f3nimo Digital\" href=\"index.cgi?wid_seccion=21&amp;wid_item=31\"><strong>\u00abRadio\u00a0Jer\u00f3nimo Digital<\/strong>\u00ab<\/a><\/span>\u00a0<\/span><\/p>\n<p style=\"text-align: center;\"><a style=\"font-family: inherit; font-size: inherit;\" href=\"https:\/\/drive.google.com\/open?id=1EawDZs7UPRkl3PO9-vXYQ8-DZfMLQWir\"><span style=\"font-size: 12pt;\"><span style=\"font-family: Verdana; color: #008000;\"><strong>\u00abBolet\u00edn\u00a0Jer\u00f3nimo Digital<\/strong>\u00ab<\/span>\u00a0<\/span><\/a><\/p>\n<p style=\"text-align: center;\"><span style=\"font-family: Verdana; color: #008000; font-size: 10pt;\">Sumate a la comunidad de oyentes y lectores!&#8230;<\/span><\/p>\n<\/td>\n<\/tr>\n<tr>\n<td valign=\"top\" width=\"299\">\n<h4 style=\"text-align: center;\"><a href=\"https:\/\/docs.google.com\/document\/d\/1VoUUOyRQ87_fxFAfh7U1bBF2i30cnmsFc4D9UgR_N-U\/edit?usp=sharing\"><span style=\"color: #000080;\">Actas Dict\u00e1menes<\/span><\/a><\/h4>\n<h5 style=\"text-align: center;\"><a href=\"https:\/\/docs.google.com\/document\/d\/1VoUUOyRQ87_fxFAfh7U1bBF2i30cnmsFc4D9UgR_N-U\/edit?usp=sharing\"><span style=\"color: #000080;\">Orden de M\u00e9rito de Convocatorias de Horas C\u00e1tedras de Nivel Superior<\/span><\/a><\/h5>\n<p style=\"text-align: center;\">\u00a0<\/p>\n<\/td>\n<td valign=\"top\" width=\"299\">\n<h4 style=\"text-align: center;\"><a href=\"https:\/\/docs.google.com\/document\/d\/1bQB-0V1dn0W6_wje2zrM32y8d716Y7Z1Vq6RhMwyFE8\/edit?usp=sharing\">Convocatoria Cargo<\/a><\/h4>\n<h4 style=\"text-align: center;\"><a href=\"https:\/\/docs.google.com\/document\/d\/1bQB-0V1dn0W6_wje2zrM32y8d716Y7Z1Vq6RhMwyFE8\/edit?usp=sharing\"><span style=\"color: #000080;\"><strong> Coordinador<\/strong><\/span><\/a><\/h4>\n<h4 style=\"text-align: center;\"><span style=\"color: #000080;\"><strong>\u00a0<a href=\"https:\/\/docs.google.com\/document\/d\/1bQB-0V1dn0W6_wje2zrM32y8d716Y7Z1Vq6RhMwyFE8\/edit?usp=sharing\">Ense\u00f1anza Superior<\/a><\/strong><\/span><\/h4>\n<h5 style=\"text-align: center;\"><a href=\"https:\/\/docs.google.com\/document\/d\/1kzovxcik5-u2yh0lfa7sryypCB3DIvqfBkkO2iLtmaw\/edit?usp=sharing\"><strong>Convocatoria Hs. C\u00e1tedras y Cargos: Niveles Inicial, Primario y Secundario<\/strong><\/a><\/h5>\n<h4 style=\"text-align: center;\">\u00a0<\/h4>\n<\/td>\n<\/tr>\n<\/tbody>\n<\/table>\n<div id=\"metaslider-id-403\" style=\"width: 100%;\" class=\"ml-slider-3-33-0 metaslider metaslider-flex metaslider-403 ml-slider ms-theme-default\" role=\"region\" aria-roledescription=\"Slideshow\" aria-label=\"Slideshow\">\n    <div id=\"metaslider_container_403\">\n        <div id=\"metaslider_403\" class=\"flexslider\">\n            <ul aria-live=\"polite\" class=\"slides\">\n                <li style=\"display: block; width: 100%;\" class=\"slide-607 ms-image\" aria-roledescription=\"slide\" aria-label=\"slide-607\"><a href=\"https:\/\/mapa.infd.edu.ar\/\" target=\"_blank\"><img src=\"https:\/\/iscabrera-cba.infd.edu.ar\/sitio\/wp-content\/uploads\/2018\/06\/mapa_infd6-1100x200.png\" height=\"200\" width=\"1100\" alt=\"\" class=\"slider-403 slide-607\" title=\"mapa_infd6\" \/><\/a><\/li>\n                <li style=\"display: none; width: 100%;\" class=\"slide-609 ms-image\" aria-roledescription=\"slide\" aria-label=\"slide-609\"><a href=\"https:\/\/www.argentina.gob.ar\/educacion\/becas\" target=\"_blank\"><img src=\"https:\/\/iscabrera-cba.infd.edu.ar\/sitio\/wp-content\/uploads\/2018\/06\/becas7-1100x200.png\" height=\"200\" width=\"1100\" alt=\"\" class=\"slider-403 slide-609\" title=\"becas7\" \/><\/a><\/li>\n                <li style=\"display: none; width: 100%;\" class=\"slide-635 ms-image\" aria-roledescription=\"slide\" aria-label=\"slide-635\"><a href=\"https:\/\/www.argentina.gob.ar\/tema\/estudiar\/formacion-docencia\" target=\"_blank\"><img src=\"https:\/\/iscabrera-cba.infd.edu.ar\/sitio\/wp-content\/uploads\/2018\/06\/convocatorias_slide6-1-1100x200.png\" height=\"200\" width=\"1100\" alt=\"\" class=\"slider-403 slide-635\" title=\"convocatorias_slide6-1\" \/><\/a><\/li>\n            <\/ul>\n        <\/div>\n        \n    <\/div>\n<\/div>\n","protected":false},"excerpt":{"rendered":"<p>El Instituto Superior \u201cJer\u00f3nimo Luis de Cabrera\u201d \u00a0Este Instituto Superior de Formaci\u00f3n Docente de la ciudad de General Cabrera, al sur de la Provincia de C\u00f3rdoba, forma parte del sistema de educaci\u00f3n p\u00fablica de gesti\u00f3n estatal. \u00a0A trav\u00e9s de este sitio nuestro Instituto comunica novedades, acerca informaci\u00f3n, comparte experiencias y brinda apoyo y asesoramiento a\u00a0alumnos, &#8230; <a title=\"Inicio\" class=\"read-more\" href=\"https:\/\/iscabrera-cba.infd.edu.ar\/sitio\/\" aria-label=\"More on Inicio\">[+]<\/a><\/p>\n","protected":false},"author":1,"featured_media":0,"parent":0,"menu_order":0,"comment_status":"closed","ping_status":"closed","template":"","meta":[],"acf":[],"_links":{"self":[{"href":"https:\/\/iscabrera-cba.infd.edu.ar\/sitio\/wp-json\/wp\/v2\/pages\/286"}],"collection":[{"href":"https:\/\/iscabrera-cba.infd.edu.ar\/sitio\/wp-json\/wp\/v2\/pages"}],"about":[{"href":"https:\/\/iscabrera-cba.infd.edu.ar\/sitio\/wp-json\/wp\/v2\/types\/page"}],"author":[{"embeddable":true,"href":"https:\/\/iscabrera-cba.infd.edu.ar\/sitio\/wp-json\/wp\/v2\/users\/1"}],"replies":[{"embeddable":true,"href":"https:\/\/iscabrera-cba.infd.edu.ar\/sitio\/wp-json\/wp\/v2\/comments?post=286"}],"version-history":[{"count":132,"href":"https:\/\/iscabrera-cba.infd.edu.ar\/sitio\/wp-json\/wp\/v2\/pages\/286\/revisions"}],"predecessor-version":[{"id":1138,"href":"https:\/\/iscabrera-cba.infd.edu.ar\/sitio\/wp-json\/wp\/v2\/pages\/286\/revisions\/1138"}],"wp:attachment":[{"href":"https:\/\/iscabrera-cba.infd.edu.ar\/sitio\/wp-json\/wp\/v2\/media?parent=286"}],"curies":[{"name":"wp","href":"https:\/\/api.w.org\/{rel}","templated":true}]}}