{"id":879,"date":"2018-06-28T16:56:05","date_gmt":"2018-06-28T19:56:05","guid":{"rendered":"https:\/\/iscabrera-cba.infd.edu.ar\/sitio\/autoridades\/"},"modified":"2025-03-19T10:40:55","modified_gmt":"2025-03-19T13:40:55","slug":"autoridades","status":"publish","type":"page","link":"https:\/\/iscabrera-cba.infd.edu.ar\/sitio\/autoridades\/","title":{"rendered":"Autoridades"},"content":{"rendered":"<p><span style=\"font-size: x-small;\"><span style=\"font-family: verdana,geneva;\"><span style=\"font-size: 10pt;\">Nuestro Instituto cuenta con todos los niveles de educaci\u00f3n:\u00a0<\/span><\/span><\/span><\/p>\n<p style=\"text-align: left;\"><strong><span style=\"font-size: x-small;\"><span style=\"font-family: verdana,geneva;\"><span style=\"font-size: 10pt;\">Inicial,\u00a0Primario,\u00a0 Secundario y Superior.<\/span><\/span><\/span><\/strong><\/p>\n<p style=\"text-align: left;\">\u00a0<span style=\"font-size: x-small;\"><span style=\"font-family: verdana,geneva;\"><span style=\"font-size: 10pt;\">&#8211; <em>Directora<\/em>:\u00a0<\/span><\/span><\/span><strong style=\"font-family: verdana, geneva; font-size: 13px;\">Prof. Silvia Lucero<\/strong><strong style=\"font-size: 10pt; font-family: verdana, geneva;\">.<\/strong><\/p>\n<p><span style=\"font-size: x-small;\"><span style=\"font-family: verdana,geneva;\"><span style=\"font-size: 10pt;\">&#8211;\u00a0<em>Regente Nivel Superior<\/em>: <strong>Prof. Alicia Fern\u00e1ndez<\/strong><\/span><\/span><\/span><\/p>\n<p><span style=\"font-size: x-small;\"><span style=\"font-family: verdana,geneva;\"><span style=\"font-size: 10pt;\"><strong>&#8211; <\/strong><em>Coordinador Nivel Superior:<\/em><strong> Prof.\u00a0<\/strong><\/span><\/span><\/span><\/p>\n<p><span style=\"font-size: x-small;\"><span style=\"font-family: verdana,geneva;\"><span style=\"font-size: 10pt;\">&#8211; <em>Vicedirector Nivel Secundario<\/em>: <strong>Prof. Rub\u00e9n Dar\u00edo Demonte.<\/strong><\/span><\/span><\/span><\/p>\n<p><span style=\"font-size: x-small;\"><span style=\"font-family: verdana,geneva;\"><span style=\"font-size: 10pt;\"><strong>&#8211; <\/strong><em>Coordinadora Nivel Secundario<\/em><\/span><\/span><\/span><span style=\"font-size: x-small;\"><span style=\"font-family: verdana,geneva;\"><span style=\"font-size: 10pt;\"><em>:<\/em><strong> Prof. Natasha Vogler.<\/strong><\/span><\/span><\/span><\/p>\n<p><span style=\"font-size: x-small;\"><span style=\"font-family: verdana,geneva;\"><span style=\"font-size: 10pt;\">&#8211; <em>Regente Nivel Inicial y Primario<\/em>:\u00a0<strong>Prof.\u00a0<\/strong><\/span><\/span><\/span><strong style=\"font-family: verdana, geneva; font-size: 13.3333px;\">Mariela Mazzucco.<\/strong><\/p>\n<p><span style=\"font-size: x-small;\"><span style=\"font-family: verdana,geneva;\"><span style=\"font-size: 10pt;\"><em>&#8211; Subregente Nivel Inicial y Primario:<\/em><strong> Prof. Macias, Mar\u00eda del Carmen.<\/strong><\/span><\/span><\/span><\/p>\n<p style=\"text-align: justify;\">\u00a0<span style=\"font-size: 10pt; text-align: justify;\">\u00a0 \u00a0<span style=\"font-family: verdana, geneva;\">El Equipo Directivo ser\u00e1 responsable de generar al Interior de la Unidad Acad\u00e9mica, las condiciones para que el Proyecto Institucional contemple las voces de todos los Actores involucrados, docentes y estudiantes de todos los niveles. Se concrete de manera coherente con las pol\u00edticas educativas definidas a Nivel Provincial y Nacional. Es un espacio de gesti\u00f3n cuyas intervenciones deben ampliar y asegurar los lineamientos trazados en la Pol\u00edtica Educativa del Estado Nacional y Provincial.\u00a0<\/span><\/span><\/p>\n","protected":false},"excerpt":{"rendered":"<p>Nuestro Instituto cuenta con todos los niveles de educaci\u00f3n:\u00a0 Inicial,\u00a0Primario,\u00a0 Secundario y Superior. \u00a0&#8211; Directora:\u00a0Prof. Silvia Lucero. &#8211;\u00a0Regente Nivel Superior: Prof. Alicia Fern\u00e1ndez &#8211; Coordinador Nivel Superior: Prof.\u00a0 &#8211; Vicedirector Nivel Secundario: Prof. Rub\u00e9n Dar\u00edo Demonte. &#8211; Coordinadora Nivel Secundario: Prof. Natasha Vogler. &#8211; Regente Nivel Inicial y Primario:\u00a0Prof.\u00a0Mariela Mazzucco. &#8211; Subregente Nivel Inicial y &#8230; <a title=\"Autoridades\" class=\"read-more\" href=\"https:\/\/iscabrera-cba.infd.edu.ar\/sitio\/autoridades\/\" aria-label=\"More on Autoridades\">[+]<\/a><\/p>\n","protected":false},"author":237,"featured_media":0,"parent":0,"menu_order":0,"comment_status":"closed","ping_status":"closed","template":"","meta":[],"acf":[],"_links":{"self":[{"href":"https:\/\/iscabrera-cba.infd.edu.ar\/sitio\/wp-json\/wp\/v2\/pages\/879"}],"collection":[{"href":"https:\/\/iscabrera-cba.infd.edu.ar\/sitio\/wp-json\/wp\/v2\/pages"}],"about":[{"href":"https:\/\/iscabrera-cba.infd.edu.ar\/sitio\/wp-json\/wp\/v2\/types\/page"}],"author":[{"embeddable":true,"href":"https:\/\/iscabrera-cba.infd.edu.ar\/sitio\/wp-json\/wp\/v2\/users\/237"}],"replies":[{"embeddable":true,"href":"https:\/\/iscabrera-cba.infd.edu.ar\/sitio\/wp-json\/wp\/v2\/comments?post=879"}],"version-history":[{"count":6,"href":"https:\/\/iscabrera-cba.infd.edu.ar\/sitio\/wp-json\/wp\/v2\/pages\/879\/revisions"}],"predecessor-version":[{"id":1125,"href":"https:\/\/iscabrera-cba.infd.edu.ar\/sitio\/wp-json\/wp\/v2\/pages\/879\/revisions\/1125"}],"wp:attachment":[{"href":"https:\/\/iscabrera-cba.infd.edu.ar\/sitio\/wp-json\/wp\/v2\/media?parent=879"}],"curies":[{"name":"wp","href":"https:\/\/api.w.org\/{rel}","templated":true}]}}