{"id":881,"date":"2018-06-28T16:56:06","date_gmt":"2018-06-28T19:56:06","guid":{"rendered":"https:\/\/iscabrera-cba.infd.edu.ar\/sitio\/historia\/"},"modified":"2025-03-19T10:57:52","modified_gmt":"2025-03-19T13:57:52","slug":"historia","status":"publish","type":"page","link":"https:\/\/iscabrera-cba.infd.edu.ar\/sitio\/historia\/","title":{"rendered":"Historia"},"content":{"rendered":"<p style=\"text-align: justify;\"><span style=\"font-size: 10pt; color: #000000; font-family: verdana,geneva;\">El Instituto Superior \u201cJer\u00f3nimo Luis de Cabrera\u201d fue fundado como Instituto Secundario en 1951 cuando en General Cabrera el n\u00famero de habitantes ascend\u00eda a 4.100, seg\u00fan el censo de poblaci\u00f3n del a\u00f1o 1947.<\/span><\/p>\n<p style=\"text-align: justify;\"><span style=\"font-size: 10pt; color: #000000; font-family: verdana,geneva;\">Un grupo de vecinos supo interpretar la demanda de la poblaci\u00f3n y dar a los j\u00f3venes la posibilidad de continuar sus estudios en su instituci\u00f3n propia. Hasta el momento la \u00fanica opci\u00f3n que exist\u00eda era la de continuarlos como alumnos pupilos en la ciudad de R\u00edo Cuarto, Villa Mar\u00eda o C\u00f3rdoba. Esto motiv\u00f3 que un grupo de inquietas personas generaran un movimiento de b\u00fasqueda de soluciones, entre quienes se encontraba el Cura P\u00e1rroco Sergio Loidi y la Sra. Josefina Zamponi de Bonet, directora de la Escuela de Nivel Primario \u201cEmilio F. Olmos\u201d, lo que hicieron posible que se creara, en 1951, el Instituto \u201cJer\u00f3nimo L. de Cabrera\u201d.<\/span><\/p>\n<p style=\"text-align: justify;\"><span style=\"font-size: 10pt; color: #000000; font-family: verdana,geneva;\">En abril de ese a\u00f1o, comenzaron a dictarse las clases en una antigua casona sita en Bv. Buenos Aires 972, pero a causa de las limitadas posibilidades que ofrec\u00eda el edificio, algunos cursos funcionaron en la esquina de Santa Fe y 25 de Mayo y otros en la Calle C\u00f3rdoba. Un a\u00f1o m\u00e1s tarde las clases comenzaron a dictarse en su actual emplazamiento, en la intersecci\u00f3n de las calles 9 de Julio y Las Heras, predio donado a la comuna en el a\u00f1o 1943 por la Sucesi\u00f3n del Dr. Alejandro Fornasio. En reconocimiento a su benefactor, hoy el sal\u00f3n de actos lleva su nombre.<\/span><\/p>\n<p style=\"text-align: justify;\"><span style=\"font-size: 10pt; color: #000000; font-family: verdana,geneva;\">El 26 de junio lleg\u00f3 el reconocimiento oficial que, desde entonces fue creciendo hasta incorporar todos los niveles en el que se divide el Sistema Educativo Argentino: Pre-primario, Primario, Medio y Superior no Universitario.<\/span><\/p>\n<p style=\"text-align: justify;\"><span style=\"font-size: 10pt; color: #000000; font-family: verdana,geneva;\">El nacimiento del Instituto coincide con la expansi\u00f3n del Nivel Medio. Se inici\u00f3 con la modalidad human\u00edstica de Bachiller y un a\u00f1o m\u00e1s tarde, en 1952, se transform\u00f3 en Magisterio con el modelo normalista de formaci\u00f3n docente. La primer promoci\u00f3n de Bachilleres egres\u00f3 en 1955 y la primera de Maestro Normal Nacional lo hizo en 1957.<\/span><\/p>\n<p style=\"text-align: justify;\"><span style=\"font-size: 10pt; color: #000000; font-family: verdana,geneva;\">Ante la necesidad de contar con una escuela de aplicaci\u00f3n, donde los futuros maestros realizaran sus pr\u00e1cticas de ense\u00f1anza, se incorporaron en 1958 los Niveles Inicial y Primario.<\/span><\/p>\n<p style=\"text-align: justify;\"><span style=\"font-size: 10pt; color: #000000; font-family: verdana,geneva;\">Haci\u00e9ndose eco de la necesidad de formar recursos humanos para las actividades mercantiles, en 1963 una de las divisiones del Ciclo B\u00e1sico fue reemplazada progresivamente por otra Comercial hasta que en 1967 egresaron los primeros Peritos Mercantiles.<\/span><\/p>\n<p style=\"text-align: justify;\"><span style=\"font-size: 10pt; color: #000000; font-family: verdana,geneva;\">En 1979, se abre el Magisterio Superior como carrera de Nivel Terciario que deb\u00eda formar un nuevo docente. Desde 1980 a la actualidad hay un total de 144 egresados que cubren el 80% de los puestos docentes de Nivel Primario de la zona, que abarca Carnerillo, Las Perdices, General Deheza, General Cabrera y Zona Rural.<\/span><\/p>\n<p style=\"text-align: justify;\"><span style=\"font-size: 10pt; color: #000000; font-family: verdana,geneva;\">En 1984, se inaugura la carrera de \u201cT\u00e9cnico Superior en Administraci\u00f3n de Empresas\u201d para formar personal altamente capacitado en el desarrollo de las tareas administrativas u otras que requer\u00edan formaci\u00f3n t\u00e9cnica, y as\u00ed dar respuesta a las distintas \u00e1reas de la empresa: contable, impositiva, financiera y laboral. Si bien su implementaci\u00f3n fue considerada, en su momento altamente positiva, la carrera se dio de baja en 1994.<\/span><\/p>\n<p style=\"text-align: justify;\"><span style=\"font-size: 10pt; color: #000000; font-family: verdana,geneva;\">En 1988 el Instituto pasa a depender de la Gesti\u00f3n Provincial para lo cual adecua todos sus planes de estudio y toma la actual denominaci\u00f3n \u201cInstituto Superior Jer\u00f3nimo Luis de Cabrera\u201d.<\/span><\/p>\n<p style=\"text-align: justify;\"><span style=\"font-size: 10pt; color: #000000; font-family: verdana,geneva;\">A comienzos de 1996 la transformaci\u00f3n de la estructura del Sistema Educativo Provincial, implementa el Ciclo B\u00e1sico Unificado (C.B.U.) y en 1997 los Ciclos de Especializaci\u00f3n. En nuestra casa de estudios \u00e9stas contin\u00faan las orientaciones que tradicionalmente tuvo el Instituto con propuestas innovadoras y actualizadas: \u201cCiclo de Econom\u00eda con especializaci\u00f3n en Gesti\u00f3n Administrativa y Humanidades con especializaci\u00f3n en Ciencias Sociales\u201d.<\/span><\/p>\n<p style=\"text-align: justify;\"><span style=\"font-size: 10pt; color: #000000; font-family: verdana,geneva;\">Un apartado especial merecen los directores del Instituto que se distinguieron por su dinamismo, criterio equilibrado y entrega al trabajo. Se recuerdan sus nombres:<\/span><\/p>\n<p><span style=\"font-size: 10pt; color: #000000; font-family: verdana,geneva;\"><strong>Nivel Medio<\/strong><\/span><\/p>\n<p><span style=\"font-size: 10pt; color: #000000; font-family: verdana,geneva;\">&#8211; Mar\u00eda Gloria Fornari de Arjol (1951)<\/span><\/p>\n<p><span style=\"font-size: 10pt; color: #000000; font-family: verdana,geneva;\">&#8211; Dr. Fernando Garimaldi (1951 \u2013 1962)<\/span><\/p>\n<p><span style=\"font-size: 10pt; color: #000000; font-family: verdana,geneva;\">&#8211; Lic. Evelina Ana Recalde de Calpini (1962 \u2013 1983)<\/span><\/p>\n<p><span style=\"font-size: 10pt; color: #000000; font-family: verdana,geneva;\">&#8211; Dra. Mar\u00eda Blanca Strazolini (Vice-Directora 1968 \u2013 1992)<\/span><\/p>\n<p><span style=\"font-size: 10pt; color: #000000; font-family: verdana,geneva;\">&#8211; Prof. Lic. Carmen Gariglio de Falco (1983 \u2013 1994)<\/span><\/p>\n<p><span style=\"font-size: 10pt; color: #000000; font-family: verdana,geneva;\">&#8211; Prof. Stella Maris de G\u00e1speri de Ponzio (Vice-Directora 1983 \u2013 2004)<\/span><\/p>\n<p><span style=\"font-size: 10pt; color: #000000; font-family: verdana,geneva;\">&#8211; Prof. Zonia\u00a0 Carra de Macagno (Vice-Directora 2006 \u2013 2015)<\/span><\/p>\n<p>&#8211;\u00a0<span style=\"color: #000000; font-family: verdana, geneva; font-size: 13.3333px;\">Prof. Silvana Pressacco (Vice-Directora 2017 &#8211; )<\/span><\/p>\n<p>&#8211; Prof. Rub\u00e9n Dar\u00edo Demonte (Vice-Director &#8211; actual)<\/p>\n<p><strong style=\"font-size: 10pt; font-family: verdana, geneva;\">Nivel Superior<\/strong><\/p>\n<p><span style=\"font-size: 10pt; color: #000000; font-family: verdana,geneva;\">&#8211; Lic. Evelina Ana Recalde de Calpini (1979 \u2013 1983) <\/span><\/p>\n<p><span style=\"font-size: 10pt; color: #000000; font-family: verdana,geneva;\">&#8211; Prof. Lic. Carmen Gariglio de Falco (1983 \u2013 1994) <\/span><\/p>\n<p><span style=\"font-size: 10pt; color: #000000; font-family: verdana,geneva;\">&#8211;\u00a0Dra. Mar\u00eda Blanca Strazolini (Vice-Directora 1988 \u2013 1992) <\/span><\/p>\n<p><span style=\"font-size: 10pt; color: #000000; font-family: verdana,geneva;\">&#8211; Prof. Mar\u00eda Cristina Gim\u00e9nez de O\u2019Donnell (1994 \u2013 2001) <\/span><\/p>\n<p><span style=\"font-size: 10pt; color: #000000; font-family: verdana,geneva;\">&#8211; Prof. Susana Beatriz Capriglioni (2002 \u2013 2002) <\/span><\/p>\n<p><span style=\"font-size: 10pt; color: #000000; font-family: verdana,geneva;\">&#8211; Prof. Graciela Marta Miguez (2003 \u2013 2005) <\/span><\/p>\n<p><span style=\"font-size: 10pt; color: #000000; font-family: verdana,geneva;\">&#8211; Lic. Claudia Franco de Lupi (2005 \u2013 2016)<\/span><\/p>\n<p><span style=\"font-size: 10pt; font-family: verdana, geneva;\">&#8211; Prof. Graciela Marta Miguez (2016 \u2013 2020)<\/span><\/p>\n<p><span style=\"font-size: 10pt; font-family: verdana, geneva;\">&#8211; Prof. Silvia Lucero (Regente 2020 \u2013 contin\u00faa)<\/span><\/p>\n<p><span style=\"font-size: 10pt; font-family: verdana,geneva;\"><span style=\"font-size: 10pt; color: #000000; font-family: verdana,geneva;\"><strong>Nivel Primario<\/strong><\/span><\/span><\/p>\n<p><span style=\"font-size: 10pt; color: #000000; font-family: verdana,geneva;\">&#8211; Silvina Ugalde de O\u2019Donnell (1958) <\/span><\/p>\n<p><span style=\"font-size: 10pt; color: #000000; font-family: verdana,geneva;\">&#8211; Mar\u00eda Cavigliasso (1959) <\/span><\/p>\n<p><span style=\"font-size: 10pt; color: #000000; font-family: verdana,geneva;\">&#8211; Ethel Giglio Tos (1960 \u2013 1964) <\/span><\/p>\n<p><span style=\"font-size: 10pt; color: #000000; font-family: verdana,geneva;\">&#8211; Beatriz Bongiovanni de Perticarari (1964 \u2013 1968) <\/span><\/p>\n<p><span style=\"font-size: 10pt; color: #000000; font-family: verdana,geneva;\">&#8211; Marta Rosso de Altamirano (1969 \u2013 1979) <\/span><\/p>\n<p><span style=\"font-size: 10pt; color: #000000; font-family: verdana,geneva;\">&#8211; Edelvis Picotto de Dedominici (Sub-Regente 1982 \u2013 1989) <\/span><\/p>\n<p><span style=\"font-size: 10pt; color: #000000; font-family: verdana,geneva;\">&#8211; Beatriz Antinori de Benitez (Regente 1983 \u2013 1994) <\/span><\/p>\n<p><span style=\"font-size: 10pt; color: #000000; font-family: verdana,geneva;\">&#8211; Alicia Salvay de Lovagnini (Regente 1998 \u2013 2014)<\/span><\/p>\n<p><span style=\"font-size: 10pt; color: #000000; font-family: verdana,geneva;\">&#8211; Mar\u00eda Ang\u00e9lica Fuentes (Sub-Regente 2011 &#8211; 2014)<\/span><\/p>\n<p><span style=\"font-size: 10pt; color: #000000; font-family: verdana,geneva;\">&#8211; Mar\u00eda Ang\u00e9lica Fuentes (Regente 2014 &#8211; 2019)<\/span><\/p>\n<p><span style=\"font-size: 10pt; color: #000000; font-family: verdana,geneva;\">&#8211; Mariela Mazzucco (Sub-Regente 2014 &#8211; 2019)<\/span><\/p>\n<p><span style=\"font-size: 10pt; color: #000000; font-family: verdana,geneva;\">&#8211; Mariela Mazzucco (Regente 2019 &#8211; contin\u00faa)<\/span><\/p>\n<p><span style=\"font-size: 10pt; color: #000000; font-family: verdana,geneva;\">&#8211; Mar\u00eda del Carmen Mac\u00edas (Sub-Regente 2019 &#8211; contin\u00faa)<\/span><\/p>\n<p style=\"text-align: justify;\"><span style=\"font-size: 10pt; color: #000000; font-family: verdana,geneva;\">Otro de los pilares fundamentales para que las actividades del Instituto se desarrollen en un \u00e1mbito edilicio adecuado y con los elementos t\u00e9cnicos y did\u00e1cticos exigidos es, sin lugar a dudas, la Asociaci\u00f3n Cooperadora, fundada en 1951 y dem\u00e1s entidades de apoyo: Club de Madres (1952), Centro de Ex\u2013alumnos \u201cMar\u00eda Luisa Zeballos de Altamirano\u201d (1981). <\/span><\/p>\n<p style=\"text-align: justify;\"><span style=\"font-size: 10pt; color: #000000; font-family: verdana,geneva;\">Podemos concluir este esbozo hist\u00f3rico afirmando que el Instituto Superior \u00abJer\u00f3nimo Luis de Cabrera\u00bb en una instituci\u00f3n atenta y flexible, adaptada a los cambios para atender a la demanda de los habitantes de nuestra localidad y regi\u00f3n.<\/span><\/p>\n<p><span style=\"font-size: 10pt; font-family: verdana,geneva;\">\u00a0<\/span><\/p>\n","protected":false},"excerpt":{"rendered":"<p>El Instituto Superior \u201cJer\u00f3nimo Luis de Cabrera\u201d fue fundado como Instituto Secundario en 1951 cuando en General Cabrera el n\u00famero de habitantes ascend\u00eda a 4.100, seg\u00fan el censo de poblaci\u00f3n del a\u00f1o 1947. Un grupo de vecinos supo interpretar la demanda de la poblaci\u00f3n y dar a los j\u00f3venes la posibilidad de continuar sus estudios &#8230; <a title=\"Historia\" class=\"read-more\" href=\"https:\/\/iscabrera-cba.infd.edu.ar\/sitio\/historia\/\" aria-label=\"More on Historia\">[+]<\/a><\/p>\n","protected":false},"author":237,"featured_media":0,"parent":0,"menu_order":0,"comment_status":"closed","ping_status":"closed","template":"","meta":[],"acf":[],"_links":{"self":[{"href":"https:\/\/iscabrera-cba.infd.edu.ar\/sitio\/wp-json\/wp\/v2\/pages\/881"}],"collection":[{"href":"https:\/\/iscabrera-cba.infd.edu.ar\/sitio\/wp-json\/wp\/v2\/pages"}],"about":[{"href":"https:\/\/iscabrera-cba.infd.edu.ar\/sitio\/wp-json\/wp\/v2\/types\/page"}],"author":[{"embeddable":true,"href":"https:\/\/iscabrera-cba.infd.edu.ar\/sitio\/wp-json\/wp\/v2\/users\/237"}],"replies":[{"embeddable":true,"href":"https:\/\/iscabrera-cba.infd.edu.ar\/sitio\/wp-json\/wp\/v2\/comments?post=881"}],"version-history":[{"count":5,"href":"https:\/\/iscabrera-cba.infd.edu.ar\/sitio\/wp-json\/wp\/v2\/pages\/881\/revisions"}],"predecessor-version":[{"id":1127,"href":"https:\/\/iscabrera-cba.infd.edu.ar\/sitio\/wp-json\/wp\/v2\/pages\/881\/revisions\/1127"}],"wp:attachment":[{"href":"https:\/\/iscabrera-cba.infd.edu.ar\/sitio\/wp-json\/wp\/v2\/media?parent=881"}],"curies":[{"name":"wp","href":"https:\/\/api.w.org\/{rel}","templated":true}]}}