{"id":897,"date":"2018-06-28T16:56:12","date_gmt":"2018-06-28T19:56:12","guid":{"rendered":"https:\/\/iscabrera-cba.infd.edu.ar\/sitio\/informacion-institucional\/"},"modified":"2025-03-19T23:11:36","modified_gmt":"2025-03-20T02:11:36","slug":"informacion-institucional","status":"publish","type":"page","link":"https:\/\/iscabrera-cba.infd.edu.ar\/sitio\/informacion-institucional\/","title":{"rendered":"Informaci\u00f3n Institucional"},"content":{"rendered":"<p style=\"text-align: center;\"><span style=\"font-family: verdana, geneva;\"><strong><span style=\"color: #003366;\"><span style=\"font-size: 12pt;\">BIBLIOTECA POPULAR ESCOLAR \u201cJER\u00d3NIMO LUIS DE CABRERA\u201d<\/span><\/span><\/strong><\/span><\/p>\n<p><span style=\"font-family: verdana, geneva;\">Las Heras 859<\/span><\/p>\n<p><span style=\"font-family: verdana, geneva;\">5809- General Cabrera<\/span><\/p>\n<p><span style=\"font-family: verdana, geneva;\">Tel.: (0358) 4932029<\/span><\/p>\n<p><span style=\"font-family: verdana, geneva;\">E-mail: <a href=\"mailto:bibpopjlc@yahoo.com.ar\">bibpopjlc@yahoo.com.ar<\/a><\/span><\/p>\n<p><span style=\"font-family: verdana, geneva;\" data-mce-mark=\"1\"><strong><span style=\"font-family: verdana, geneva;\" data-mce-mark=\"1\">Horario de atenci\u00f3n:<\/span><\/strong>\u00a07:30 a 20:45 Hs.<\/span><\/p>\n<p><span style=\"font-family: verdana, geneva;\" data-mce-mark=\"1\"><strong>\u00a0<\/strong><\/span><\/p>\n<p style=\"text-align: center;\"><span style=\"font-family: verdana, geneva; font-size: 10pt;\"><strong><span style=\"font-family: verdana, geneva;\">N\u00d3MINA DE LA COMISI\u00d3N DIRECTIVA Y COMISI\u00d3N REVISORA DE CUENTAS\u00a0 RENOVADA (18\/09\/2024)<\/span><\/strong><\/span><\/p>\n<p><span style=\"font-family: verdana, geneva; font-size: 10pt;\" data-mce-mark=\"1\"><strong>\u00a0<\/strong><\/span><\/p>\n<p><span style=\"font-family: verdana, geneva;\"><strong>Presidente:<\/strong> Dadone, Dianela Mar\u00eda.<\/span><\/p>\n<p><span style=\"font-family: verdana, geneva;\" data-mce-mark=\"1\"><strong>Tesorero:<\/strong>\u00a0Fuentes, Mar\u00eda Ang\u00e9lica.<\/span><\/p>\n<p><span style=\"font-family: verdana, geneva;\" data-mce-mark=\"1\"><strong>Secretario<\/strong>: Adamo, Mar\u00eda Susana.<\/span><\/p>\n<p><span style=\"font-family: verdana, geneva;\" data-mce-mark=\"1\"><strong>Vocales Titulares:<\/strong> Fern\u00e1ndez, Alicia Daniela &#8211; Carasso, Mar\u00eda Laura &#8211; Ferreira, Valentina.<\/span><\/p>\n<p><strong>Vocales Suplentes:<\/strong> L\u00f3pez, Claudia Andrea &#8211; Capettini, Eliana Karina &#8211; Ortiz, Mar\u00eda Virginia &#8211; Ferrero, Miriam Cristina.<\/p>\n<p><span style=\"font-family: verdana, geneva;\" data-mce-mark=\"1\"><strong>Junta Electoral Titular:<\/strong> Actis, Mariela Soledad &#8211; R\u00e9, Norma Mar\u00eda &#8211; Filippa, Silvina Beatriz.<\/span><\/p>\n<p>Junta Electoral Suplente: Pereyra, Silvina Alejandra.<\/p>\n<p><strong>Revisora de Cuenta Titular: <\/strong>Macias, Mar\u00eda del Carmen &#8211; Vogler, Natasha &#8211; Fusero, Patricia del Valle.<\/p>\n<p>Revisora de Cuentas Suplente: Ortiz, Mar\u00eda Laura del Luj\u00e1n.<\/p>\n<p><img decoding=\"async\" title=\"Foto de Biblioteca Actualizada\" src=\"https:\/\/iscabrera-cba.infd.edu.ar\/sitio\/wp-content\/uploads\/2018\/06\/biblionueva.bmp\" alt=\"Foto de Biblioteca Actualizada\" border=\"0\" \/><\/p>\n","protected":false},"excerpt":{"rendered":"<p>BIBLIOTECA POPULAR ESCOLAR \u201cJER\u00d3NIMO LUIS DE CABRERA\u201d Las Heras 859 5809- General Cabrera Tel.: (0358) 4932029 E-mail: bibpopjlc@yahoo.com.ar Horario de atenci\u00f3n:\u00a07:30 a 20:45 Hs. \u00a0 N\u00d3MINA DE LA COMISI\u00d3N DIRECTIVA Y COMISI\u00d3N REVISORA DE CUENTAS\u00a0 RENOVADA (18\/09\/2024) \u00a0 Presidente: Dadone, Dianela Mar\u00eda. Tesorero:\u00a0Fuentes, Mar\u00eda Ang\u00e9lica. Secretario: Adamo, Mar\u00eda Susana. Vocales Titulares: Fern\u00e1ndez, Alicia Daniela &#8211; &#8230; <a title=\"Informaci\u00f3n Institucional\" class=\"read-more\" href=\"https:\/\/iscabrera-cba.infd.edu.ar\/sitio\/informacion-institucional\/\" aria-label=\"More on Informaci\u00f3n Institucional\">[+]<\/a><\/p>\n","protected":false},"author":237,"featured_media":0,"parent":0,"menu_order":0,"comment_status":"closed","ping_status":"closed","template":"","meta":[],"acf":[],"_links":{"self":[{"href":"https:\/\/iscabrera-cba.infd.edu.ar\/sitio\/wp-json\/wp\/v2\/pages\/897"}],"collection":[{"href":"https:\/\/iscabrera-cba.infd.edu.ar\/sitio\/wp-json\/wp\/v2\/pages"}],"about":[{"href":"https:\/\/iscabrera-cba.infd.edu.ar\/sitio\/wp-json\/wp\/v2\/types\/page"}],"author":[{"embeddable":true,"href":"https:\/\/iscabrera-cba.infd.edu.ar\/sitio\/wp-json\/wp\/v2\/users\/237"}],"replies":[{"embeddable":true,"href":"https:\/\/iscabrera-cba.infd.edu.ar\/sitio\/wp-json\/wp\/v2\/comments?post=897"}],"version-history":[{"count":2,"href":"https:\/\/iscabrera-cba.infd.edu.ar\/sitio\/wp-json\/wp\/v2\/pages\/897\/revisions"}],"predecessor-version":[{"id":1136,"href":"https:\/\/iscabrera-cba.infd.edu.ar\/sitio\/wp-json\/wp\/v2\/pages\/897\/revisions\/1136"}],"wp:attachment":[{"href":"https:\/\/iscabrera-cba.infd.edu.ar\/sitio\/wp-json\/wp\/v2\/media?parent=897"}],"curies":[{"name":"wp","href":"https:\/\/api.w.org\/{rel}","templated":true}]}}