{"id":933,"date":"2018-06-28T16:56:25","date_gmt":"2018-06-28T19:56:25","guid":{"rendered":"https:\/\/iscabrera-cba.infd.edu.ar\/sitio\/consejo-institucional\/"},"modified":"2019-02-27T17:31:55","modified_gmt":"2019-02-27T20:31:55","slug":"consejo-institucional","status":"publish","type":"page","link":"https:\/\/iscabrera-cba.infd.edu.ar\/sitio\/consejo-institucional\/","title":{"rendered":"Consejo Institucional"},"content":{"rendered":"<p style=\"text-align: center;\"><span style=\"font-family: verdana, geneva; font-size: 10pt; color: #000080;\"><strong>CONSEJO INSTITUCIONAL<\/strong><\/span><\/p>\n<p style=\"text-align: center;\"><span style=\"font-family: verdana, geneva; font-size: 10pt; color: #000080;\"><strong>REGLAMENTO ORG\u00c1NICO MARCO (ROM), Resoluci\u00f3n N\u00b0 750\/11 <\/strong><\/span><\/p>\n<p style=\"text-align: justify;\"><span style=\"font-family: verdana, geneva; font-size: 10pt;\">\u00a0\u00a0 El Reglamento Org\u00e1nico Marco (ROM), resoluci\u00f3n N\u00b0 750\/11, que regula las Instituciones p\u00fablicas de Educaci\u00f3n Superior dependientes del Ministerio de Educaci\u00f3n de la Provincia de C\u00f3rdoba, tanto de gesti\u00f3n estatal como de gesti\u00f3n privada, \u00a0\u00a0prev\u00e9 la conformaci\u00f3n del <strong>Consejo Institucional:<\/strong><\/span><\/p>\n<p style=\"text-align: justify;\"><span style=\"font-family: verdana, geneva; font-size: 10pt;\">Art. 17: Consejo Institucional es el \u00f3rgano colegiado en la Instituci\u00f3n de Educaci\u00f3n Superior, que colabora con el equipo directivo en la gesti\u00f3n, orientaci\u00f3n, asesoramiento y supervisi\u00f3n de la gesti\u00f3n del proyecto institucional, promoviendo la participaci\u00f3n de los claustros que la componen.\u00a0 Su existencia, regulaci\u00f3n y funcionamiento tienen car\u00e1cter obligatorio en las instituciones de Educaci\u00f3n Superior.<\/span><\/p>\n<p style=\"text-align: justify;\"><span style=\"font-family: verdana, geneva; font-size: 10pt;\">\u00a0 \u00a0Seg\u00fan la tem\u00e1tica que trate este Consejo, en las instituciones de gesti\u00f3n estatal, tendr\u00e1 car\u00e1cter resolutivo o consultivo.<\/span><\/p>\n<p style=\"text-align: justify;\"><span style=\"font-family: verdana, geneva; font-size: 10pt;\">Art. 17\u00ba a.- Conforman el Consejo Institucional: el director, el regente, y atendiendo al n\u00famero de docentes que se desempe\u00f1an en la carrera que en la Instituci\u00f3n funciona, cuatro docentes titulares y \u00a0dos en car\u00e1cter de suplentes.<\/span><\/p>\n<p style=\"text-align: justify;\"><span style=\"font-family: verdana, geneva; font-size: 10pt;\">\u00a0 \u00a0La participaci\u00f3n en este Consejo ser\u00e1 certificada por la Instituci\u00f3n a fin de su valoraci\u00f3n como antecedente.<\/span><\/p>\n<p style=\"text-align: justify;\"><span style=\"font-family: verdana, geneva; font-size: 10pt;\">Art. 17 b.- Las funciones y responsabilidades se enmarcan en:<\/span><\/p>\n<p style=\"text-align: justify;\"><span style=\"font-family: verdana, geneva; font-size: 10pt;\">a.- Cumplir con la pol\u00edtica educativa vigente mediante la implementaci\u00f3n de una propuesta acad\u00e9mica de calidad.<\/span><\/p>\n<p style=\"text-align: justify;\"><span style=\"font-family: verdana, geneva; font-size: 10pt;\">b.- Contribuir al cumplimiento de las funciones que la Instituci\u00f3n de Educaci\u00f3n Superior haya asumido en su proyecto Institucional.<\/span><\/p>\n<p style=\"text-align: justify;\"><span style=\"font-family: verdana, geneva; font-size: 10pt;\">c.- Colaborar con el equipo directivo en el desarrollo del proyecto institucional garantizando su actualizaci\u00f3n y la participaci\u00f3n colectiva en su construcci\u00f3n.<\/span><\/p>\n<p style=\"text-align: justify;\"><span style=\"font-family: verdana, geneva; font-size: 10pt;\"><strong>Funciones de car\u00e1cter consultivo:<\/strong><\/span><\/p>\n<p style=\"text-align: justify;\"><span style=\"font-family: verdana, geneva; font-size: 10pt;\">1.- Proponer a la Direcci\u00f3n Proyectos Institucionales que contemplen la incorporaci\u00f3n de las funciones de formaci\u00f3n continua y desarrollo profesional, investigaci\u00f3n y otras, en el marco de las prioridades definidas por las pol\u00edticas educativas provinciales y las necesidades locales.<\/span><\/p>\n<p style=\"text-align: justify;\"><span style=\"font-family: verdana, geneva; font-size: 10pt;\">2.- Asesorar al Director en los procesos de autoevaluaci\u00f3n institucional y en todos los asuntos que se sometan a su consulta.<\/span><\/p>\n<p style=\"text-align: justify;\"><span style=\"font-family: verdana, geneva; font-size: 10pt;\">3.- Dise\u00f1ar la propuesta de autoevaluaci\u00f3n relativa a su \u00e1rea de trabajo y formular las alternativas de mejoramiento.<\/span><\/p>\n<p style=\"text-align: justify;\"><span style=\"font-family: verdana, geneva; font-size: 10pt;\">4.- Proponer las instancias del proceso participativo de construcci\u00f3n del RAI y del ROI.<\/span><\/p>\n<p style=\"text-align: justify;\"><span style=\"font-family: verdana, geneva; font-size: 10pt;\">5.- Emitir opini\u00f3n respecto de los proyectos de modificaci\u00f3n de los planes de estudios vigentes.<\/span><\/p>\n<p style=\"text-align: justify;\"><span style=\"font-family: verdana, geneva; font-size: 10pt;\">6.- Promover el funcionamiento del Centro de Estudiantes.<\/span><\/p>\n<p style=\"text-align: justify;\"><span style=\"font-family: verdana, geneva; font-size: 10pt;\">7.- Informar al conjunto de la Instituci\u00f3n acerca de las acciones desarrolladas por el propio Consejo Institucional.<\/span><\/p>\n<p style=\"text-align: justify;\"><span style=\"font-family: verdana, geneva; font-size: 10pt;\"><strong>Funciones de car\u00e1cter resolutivo:<\/strong><\/span><\/p>\n<p style=\"text-align: justify;\"><span style=\"font-family: verdana, geneva; font-size: 10pt;\">1.- Dictar el reglamento de su funcionamiento atento a las pautas establecidas por la Autoridad Ministerial correspondiente.<\/span><\/p>\n<p style=\"text-align: justify;\"><span style=\"font-family: verdana, geneva; font-size: 10pt;\">2.- Aprobar la planificaci\u00f3n del proceso de autoevaluaci\u00f3n de la Instituci\u00f3n, los informes correspondientes y las propuestas de mejoramiento.<\/span><\/p>\n<p style=\"text-align: justify;\"><span style=\"font-family: verdana, geneva; font-size: 10pt;\">3.- Convalidar la articulaci\u00f3n u otras formas de vinculaci\u00f3n del Instituto con otros organismos en asuntos sociales, culturales, art\u00edsticos, cient\u00edficos, acad\u00e9micos y\/o del entorno socio-productivo.<\/span><\/p>\n<p style=\"text-align: justify;\"><span style=\"font-family: verdana, geneva; font-size: 10pt;\">4.- Constituir una instancia mediadora para atender situaciones particulares que afecten a los diferentes estamentos de la Comunidad Educativa.<\/span><\/p>\n<p style=\"text-align: justify;\"><span style=\"font-family: verdana, geneva; font-size: 10pt;\">5.- Garantizar el car\u00e1cter p\u00fablico de la informaci\u00f3n emitida por el Consejo Institucional.<\/span><\/p>\n<p style=\"text-align: justify;\"><span style=\"font-family: verdana, geneva; font-size: 10pt;\">6.- Intervenir en asuntos relacionados con la valoraci\u00f3n de t\u00edtulos y antecedentes para la cobertura de horas c\u00e1tedras, en el marco de la normativa correspondiente.<\/span><\/p>\n<p style=\"text-align: justify;\"><span style=\"font-family: verdana, geneva; font-size: 10pt;\">7.- \u00a0Crear comisiones \u201cad hoc\u201d para el tratamiento de situaciones institucionales espec\u00edficas.<\/span><\/p>\n<p style=\"text-align: justify;\"><span style=\"font-family: verdana, geneva; font-size: 10pt;\">8.- Resolver sobre los proyectos de definici\u00f3n y\/o modificaciones de las unidades curriculares de definici\u00f3n institucional.<\/span><\/p>\n<p style=\"text-align: justify;\"><span style=\"font-family: verdana, geneva; font-size: 10pt;\">9.- Convocar a elecciones de los consejeros, conforme a la normativa que se dicte a tal efecto.<\/span><\/p>\n<p style=\"text-align: justify;\"><span style=\"font-family: verdana, geneva; font-size: 10pt;\">10.- Intervenir en los asuntos relacionados con la convivencia institucional.<\/span><\/p>\n<p style=\"text-align: justify;\"><span style=\"font-family: verdana, geneva; font-size: 10pt;\">Art. 17 c.- <strong>Condiciones de acceso<\/strong>. Los docentes, estudiantes y graduados ser\u00e1n elegidos democr\u00e1ticamente por sus pares en las formas, tiempos y plazos estipulados para tal fin en el Reglamento Org\u00e1nico Institucional (ROI). La participaci\u00f3n de otros agentes educativos ser\u00e1 definida en el ROI.<\/span><\/p>\n<p style=\"text-align: justify;\"><span style=\"font-family: verdana, geneva; font-size: 10pt;\">\u00a0 \u00a0 Los consejeros durar\u00e1n dos a\u00f1os en sus funciones y podr\u00e1n ser reelegidos en forma consecutiva, una sola vez por un per\u00edodo de igual duraci\u00f3n. Para elecciones posteriores, deber\u00e1 pasar un per\u00edodo de dos a\u00f1os del cese\u00a0 de sus funciones para acceder a un nuevo mandato.<\/span><\/p>\n<p style=\"text-align: justify;\"><span style=\"font-family: verdana, geneva; font-size: 10pt;\">\u00a0 \u00a0 Deber\u00e1n preverse suplentes para cada estamento de participantes.<\/span><\/p>\n<p style=\"text-align: justify;\"><span style=\"font-family: verdana, geneva; font-size: 10pt;\">Art. 17 d.- <strong>Del R\u00e9gimen Electoral Institucional<\/strong>, una reglamentaci\u00f3n interna establecer\u00e1 la modalidad de la elecci\u00f3n de los consejeros titulares y suplentes,<\/span><span style=\"font-family: verdana, geneva; font-size: 10pt;\">cantidad por claustro y representaci\u00f3n, mecanismos de acceso y cobertura de ausencias y vacancias.\u00a0 Cada ROI dispondr\u00e1 los modos de construcci\u00f3n de los respectivos claustros.<\/span><\/p>\n<p style=\"text-align: justify;\"><span style=\"font-family: verdana, geneva; font-size: 10pt;\">Art. 17 e.- <strong>De la Incompatibilidad.\u00a0 El desempe\u00f1o del Consejero Institucional se enmarca en lo establecido en la Ley de Educaci\u00f3n Provincial N\u00ba 9870, en el Decreto Ley N\u00ba 214-E-63 y ene. Decreto N\u00ba 389\/11.<\/strong><\/span><\/p>\n<p style=\"text-align: justify;\"><span style=\"font-family: verdana, geneva; font-size: 10pt;\">Art. 17 f.- <\/span><strong style=\"font-family: verdana, geneva; font-size: 10pt;\">De los<\/strong><strong style=\"font-family: verdana, geneva; font-size: 10pt;\">Mecanismos de Remoci\u00f3n.<\/strong><span style=\"font-family: verdana, geneva; font-size: 10pt;\"> Los directivos, docentes y\/o no docentes autom\u00e1ticamente quedan excluidos del Consejo, cuando dejan de formar parte de la Instituci\u00f3n. En el caso de los consejeros estudiantes, cuando pierdan su condici\u00f3n de regular\u00a0 y en el de los egresados, cuando dejan de pertenecer al claustro respectivo<\/span><\/p>\n<p><span style=\"font-family: verdana, geneva; font-size: 10pt;\">El \u00a0<\/span><strong style=\"font-family: verdana, geneva; font-size: 10pt;\">CONSEJO\u00a0 INSTITUCIONAL<\/strong><span style=\"font-family: verdana, geneva; font-size: 10pt;\"> actual est\u00e1 conformado por:<\/span><\/p>\n<p><strong style=\"font-family: verdana, geneva; font-size: 10pt;\">Docentes Titulares<\/strong><span style=\"font-family: verdana, geneva; font-size: 10pt;\">:<\/span><\/p>\n<p><span style=\"font-family: verdana, geneva; font-size: 10pt;\"><span style=\"font-size: 13.3333px;\">Lucero, Silvia<\/span>\u00a0 \u00a0 \u00a0 \u00a0 \u00a0 \u00a0 \u00a0 \u00a0 \u00a0<\/span><span style=\"font-family: verdana, geneva; font-size: 10pt;\">\u00a0<\/span><\/p>\n<p><span style=\"font-family: verdana, geneva; font-size: 10pt;\">Rivarola, Paulina\u00a0 \u00a0 \u00a0 \u00a0 \u00a0 \u00a0 \u00a0 \u00a0 \u00a0<\/span><\/p>\n<p><span style=\"font-family: verdana, geneva; font-size: 13.3333px;\">Ventura, Virginia<\/span><span style=\"font-family: verdana, geneva; font-size: 10pt;\">\u00a0 \u00a0 \u00a0<\/span><\/p>\n<p><strong style=\"font-family: verdana, geneva; font-size: 10pt;\">Docentes Suplentes<\/strong><span style=\"font-family: verdana, geneva; font-size: 10pt;\">:<\/span><\/p>\n<p><span style=\"font-family: verdana, geneva; font-size: 10pt;\">Cappone, Mar\u00eda Alejandra<\/span><\/p>\n<p><span style=\"font-family: verdana, geneva; font-size: 10pt;\">Ferreira, Walter\u00a0 \u00a0 \u00a0 \u00a0 \u00a0 \u00a0 \u00a0 \u00a0\u00a0<\/span><span style=\"font-family: verdana, geneva; font-size: 10pt;\">\u00a0 \u00a0 \u00a0 \u00a0 \u00a0 \u00a0 \u00a0 \u00a0 \u00a0 \u00a0<\/span><\/p>\n<p><strong style=\"font-family: verdana, geneva; font-size: 10pt;\">Estudiantes<\/strong><span style=\"font-family: verdana, geneva; font-size: 10pt;\">:<\/span><\/p>\n<p><span style=\"font-family: verdana, geneva; font-size: 10pt;\">Boni, Florencia\u00a0 \u00a0 \u00a0 \u00a0 \u00a0 \u00a0 \u00a0 \u00a0 \u00a0 \u00a0<\/span><span style=\"font-family: verdana, geneva; font-size: 10pt;\">\u00a0 \u00a0 \u00a0 \u00a0 \u00a0 \u00a0 \u00a0 \u00a0 \u00a0\u00a0<\/span><\/p>\n","protected":false},"excerpt":{"rendered":"<p>CONSEJO INSTITUCIONAL REGLAMENTO ORG\u00c1NICO MARCO (ROM), Resoluci\u00f3n N\u00b0 750\/11 \u00a0\u00a0 El Reglamento Org\u00e1nico Marco (ROM), resoluci\u00f3n N\u00b0 750\/11, que regula las Instituciones p\u00fablicas de Educaci\u00f3n Superior dependientes del Ministerio de Educaci\u00f3n de la Provincia de C\u00f3rdoba, tanto de gesti\u00f3n estatal como de gesti\u00f3n privada, \u00a0\u00a0prev\u00e9 la conformaci\u00f3n del Consejo Institucional: Art. 17: Consejo Institucional es &#8230; <a title=\"Consejo Institucional\" class=\"read-more\" href=\"https:\/\/iscabrera-cba.infd.edu.ar\/sitio\/consejo-institucional\/\" aria-label=\"More on Consejo Institucional\">[+]<\/a><\/p>\n","protected":false},"author":237,"featured_media":0,"parent":0,"menu_order":0,"comment_status":"closed","ping_status":"closed","template":"","meta":[],"acf":[],"_links":{"self":[{"href":"https:\/\/iscabrera-cba.infd.edu.ar\/sitio\/wp-json\/wp\/v2\/pages\/933"}],"collection":[{"href":"https:\/\/iscabrera-cba.infd.edu.ar\/sitio\/wp-json\/wp\/v2\/pages"}],"about":[{"href":"https:\/\/iscabrera-cba.infd.edu.ar\/sitio\/wp-json\/wp\/v2\/types\/page"}],"author":[{"embeddable":true,"href":"https:\/\/iscabrera-cba.infd.edu.ar\/sitio\/wp-json\/wp\/v2\/users\/237"}],"replies":[{"embeddable":true,"href":"https:\/\/iscabrera-cba.infd.edu.ar\/sitio\/wp-json\/wp\/v2\/comments?post=933"}],"version-history":[{"count":4,"href":"https:\/\/iscabrera-cba.infd.edu.ar\/sitio\/wp-json\/wp\/v2\/pages\/933\/revisions"}],"predecessor-version":[{"id":1022,"href":"https:\/\/iscabrera-cba.infd.edu.ar\/sitio\/wp-json\/wp\/v2\/pages\/933\/revisions\/1022"}],"wp:attachment":[{"href":"https:\/\/iscabrera-cba.infd.edu.ar\/sitio\/wp-json\/wp\/v2\/media?parent=933"}],"curies":[{"name":"wp","href":"https:\/\/api.w.org\/{rel}","templated":true}]}}